{"id":171,"date":"2025-11-10T10:05:11","date_gmt":"2025-11-10T10:05:11","guid":{"rendered":"https:\/\/omicroni.com\/?p=171"},"modified":"2025-12-17T22:34:24","modified_gmt":"2025-12-17T22:34:24","slug":"171-2","status":"publish","type":"page","link":"https:\/\/omicroni.com\/?page_id=171","title":{"rendered":"Rreth Nesh"},"content":{"rendered":"\n<div id=\"wp-block-themeisle-blocks-advanced-columns-c8ca2551\" class=\"wp-block-themeisle-blocks-advanced-columns alignfull has-1-columns has-desktop-equal-layout has-tablet-equal-layout has-mobile-equal-layout has-vertical-center\"><div class=\"wp-block-themeisle-blocks-advanced-columns-overlay\"><\/div><div class=\"innerblocks-wrap\">\n<div id=\"wp-block-themeisle-blocks-advanced-column-3437aeae\" class=\"wp-block-themeisle-blocks-advanced-column\">\n<h1 class=\"wp-block-heading has-text-color\" style=\"color:#ffffff;font-size:clamp(37.821px, 2.364rem + ((1vw - 3.2px) * 3.924), 70px);\">Rreth nesh<\/h1>\n<\/div>\n<\/div><\/div>\n\n\n\n<div id=\"wp-block-themeisle-blocks-advanced-columns-8fbb683b\" class=\"wp-block-themeisle-blocks-advanced-columns alignfull has-2-columns has-desktop-equal-layout has-tablet-equal-layout has-mobile-collapsedRows-layout has-vertical-unset\"><div class=\"wp-block-themeisle-blocks-advanced-columns-overlay\"><\/div><div class=\"innerblocks-wrap\">\n<div id=\"wp-block-themeisle-blocks-advanced-column-620e3016\" class=\"wp-block-themeisle-blocks-advanced-column\">\n<h6 class=\"wp-block-heading has-text-color\" style=\"color:#ee3832\"><strong>OMICRONI-KS<\/strong><\/h6>\n\n\n\n<h2 class=\"wp-block-heading has-text-color has-link-color wp-elements-39a192fa8d4b15fa46e655c12c6be04b\" style=\"color:#070731;font-size:clamp(28.836px, 1.802rem + ((1vw - 3.2px) * 2.581), 50px);\"><strong>Misioni yn\u00eb<\/strong><\/h2>\n\n\n\n<p class=\"has-text-color has-link-color wp-elements-5ee9e02a38b2e2d77108fc7b5b787e5e\" style=\"color:#070731\">OMICRONI \u00ebsht\u00eb nj\u00eb kompani kosovare me seli n\u00eb Dobratin, Komuna e Prishtin\u00ebs, e specializuar n\u00eb prodhimin e ngjyrave, llaqeve, ngjit\u00ebsve p\u00ebr pllaka dhe materialeve nd\u00ebrtimore moderne. Me nj\u00eb p\u00ebrkushtim t\u00eb vazhduesh\u00ebm ndaj cil\u00ebsis\u00eb, inovacionit dhe besueshm\u00ebris\u00eb, OMICRONI \u00ebsht\u00eb b\u00ebr\u00eb nj\u00eb em\u00ebr i njohur n\u00eb tregun vendor dhe rajonal.<\/p>\n\n\n\n<div id=\"wp-block-themeisle-blocks-icon-list-747b6d8a\" class=\"wp-block-themeisle-blocks-icon-list\">\n<div id=\"wp-block-themeisle-blocks-icon-list-item-819ce30f\" class=\"wp-block-themeisle-blocks-icon-list-item\"><i class=\"fas fa-angle-right wp-block-themeisle-blocks-icon-list-item-icon-custom\"><\/i><p class=\"wp-block-themeisle-blocks-icon-list-item-content-custom\"><strong>Cil\u00ebsi q\u00eb zgjat \u2013 Produkte t\u00eb besueshme p\u00ebr \u00e7do projekt<\/strong><\/p><\/div>\n\n\n\n<div id=\"wp-block-themeisle-blocks-icon-list-item-bb77079b\" class=\"wp-block-themeisle-blocks-icon-list-item\"><i class=\"fas fa-angle-right wp-block-themeisle-blocks-icon-list-item-icon-custom\"><\/i><p class=\"wp-block-themeisle-blocks-icon-list-item-content-custom\"><strong>Prodhim vendas, standarde evropiane \u2013 Krenari nga Dobratini, Prishtin\u00eb<\/strong><\/p><\/div>\n\n\n\n<div id=\"wp-block-themeisle-blocks-icon-list-item-81ae72b6\" class=\"wp-block-themeisle-blocks-icon-list-item\"><i class=\"fas fa-angle-right wp-block-themeisle-blocks-icon-list-item-icon-custom\"><\/i><p class=\"wp-block-themeisle-blocks-icon-list-item-content\"><strong>Teknologji gjermane<\/strong><\/p><\/div>\n<\/div>\n<\/div>\n\n\n\n<div id=\"wp-block-themeisle-blocks-advanced-column-df784873\" class=\"wp-block-themeisle-blocks-advanced-column\">\n<figure class=\"wp-block-image size-full has-custom-border\"><img loading=\"lazy\" decoding=\"async\" width=\"1600\" height=\"1200\" src=\"https:\/\/omicroni.com\/wp-content\/uploads\/2025\/11\/viber_image_2025-11-29_13-14-14-43366.jpg\" alt=\"\" class=\"wp-image-195\" style=\"border-style:none;border-width:0px;border-radius:0px\" srcset=\"https:\/\/omicroni.com\/wp-content\/uploads\/2025\/11\/viber_image_2025-11-29_13-14-14-43366.jpg 1600w, https:\/\/omicroni.com\/wp-content\/uploads\/2025\/11\/viber_image_2025-11-29_13-14-14-43366-300x225.jpg 300w, https:\/\/omicroni.com\/wp-content\/uploads\/2025\/11\/viber_image_2025-11-29_13-14-14-43366-1024x768.jpg 1024w, https:\/\/omicroni.com\/wp-content\/uploads\/2025\/11\/viber_image_2025-11-29_13-14-14-43366-768x576.jpg 768w, https:\/\/omicroni.com\/wp-content\/uploads\/2025\/11\/viber_image_2025-11-29_13-14-14-43366-1536x1152.jpg 1536w, https:\/\/omicroni.com\/wp-content\/uploads\/2025\/11\/viber_image_2025-11-29_13-14-14-43366-600x450.jpg 600w\" sizes=\"auto, (max-width: 1600px) 100vw, 1600px\" \/><\/figure>\n<\/div>\n<\/div><\/div>\n\n\n\n<div id=\"wp-block-themeisle-blocks-advanced-columns-95c28c19\" class=\"wp-block-themeisle-blocks-advanced-columns alignfull has-1-columns has-desktop-equal-layout has-tablet-equal-layout has-mobile-equal-layout has-vertical-unset\"><div class=\"wp-block-themeisle-blocks-advanced-columns-overlay\"><\/div><div class=\"innerblocks-wrap\">\n<div id=\"wp-block-themeisle-blocks-advanced-column-5d4a582c\" class=\"wp-block-themeisle-blocks-advanced-column\">\n<p class=\"has-text-color\" style=\"color:#ffffff;font-size:clamp(15.747px, 0.984rem + ((1vw - 3.2px) * 1.006), 24px);px\"><em>T\u00eb ofrojm\u00eb produkte nd\u00ebrtimore q\u00eb garantojn\u00eb cil\u00ebsi, efikasitet dhe estetik\u00eb, <\/em><br><em>duke ndihmuar klient\u00ebt tan\u00eb t\u00eb nd\u00ebrtojn\u00eb m\u00eb fort, m\u00eb bukur dhe m\u00eb q\u00ebndruesh\u00ebm.<\/em><\/p>\n\n\n\n<div style=\"height:20px\" aria-hidden=\"true\" class=\"wp-block-spacer\"><\/div>\n\n\n\n<h6 class=\"wp-block-heading has-text-color\" style=\"color:#ee3832\"><em>OMICRONI<\/em><\/h6>\n<\/div>\n<\/div><\/div>\n\n\n\n<div id=\"wp-block-themeisle-blocks-advanced-columns-f0d39e55\" class=\"wp-block-themeisle-blocks-advanced-columns alignfull has-3-columns has-desktop-equal-layout has-tablet-equal-layout has-mobile-collapsedRows-layout has-vertical-unset has-light-bg\"><div class=\"wp-block-themeisle-blocks-advanced-columns-overlay\"><\/div><div class=\"innerblocks-wrap\">\n<div id=\"wp-block-themeisle-blocks-advanced-column-df3a3bbe\" class=\"wp-block-themeisle-blocks-advanced-column has-light-bg\">\n<div id=\"wp-block-themeisle-blocks-font-awesome-icons-7b689dc6\" class=\"wp-block-themeisle-blocks-font-awesome-icons\"><span class=\"wp-block-themeisle-blocks-font-awesome-icons-container\"><i class=\"fas fa-shield-alt\"><\/i><\/span><\/div>\n\n\n\n<h3 class=\"wp-block-heading has-text-color\" style=\"color:#ee3832;margin-top:0px\">Besim<\/h3>\n\n\n\n<p class=\"has-text-color has-link-color wp-elements-a2595437233f46171443ff73170d0650\" style=\"color:#070731\">N\u00eb OMICRONI, besimi nd\u00ebrtohet me pun\u00eb t\u00eb ndershme, transparenc\u00eb dhe p\u00ebrkushtim t\u00eb vazhduesh\u00ebm. Klient\u00ebt tan\u00eb na zgjedhin sepse \u00e7do premtim e kthejm\u00eb n\u00eb rezultat konkret dhe afatgjat\u00eb.<\/p>\n<\/div>\n\n\n\n<div id=\"wp-block-themeisle-blocks-advanced-column-a92486ee\" class=\"wp-block-themeisle-blocks-advanced-column has-light-bg\">\n<div id=\"wp-block-themeisle-blocks-font-awesome-icons-a8eb2801\" class=\"wp-block-themeisle-blocks-font-awesome-icons\"><span class=\"wp-block-themeisle-blocks-font-awesome-icons-container\"><i class=\"fas fa-thumbs-up\"><\/i><\/span><\/div>\n\n\n\n<h3 class=\"wp-block-heading has-text-color\" style=\"color:#fdb72b;margin-top:0px\">Cil\u00ebsi<\/h3>\n\n\n\n<p class=\"has-text-color has-link-color wp-elements-f63011d6798d0775e57e1a9e1cb4a4a6\" style=\"color:#070731\">\u00c7do produkt q\u00eb mban emrin OMICRONI \u00ebsht\u00eb rezultat i kontrollit t\u00eb rrept\u00eb, p\u00ebrzgjedhjes s\u00eb kujdesshme t\u00eb l\u00ebnd\u00ebve t\u00eb para dhe p\u00ebrdorimit t\u00eb <strong>teknologjis\u00eb gjermane<\/strong>. Cil\u00ebsia \u00ebsht\u00eb themeli mbi t\u00eb cilin nd\u00ebrtojm\u00eb reputacionin ton\u00eb.<\/p>\n<\/div>\n\n\n\n<div id=\"wp-block-themeisle-blocks-advanced-column-0c34f1ca\" class=\"wp-block-themeisle-blocks-advanced-column has-light-bg\">\n<div id=\"wp-block-themeisle-blocks-font-awesome-icons-a58203cd\" class=\"wp-block-themeisle-blocks-font-awesome-icons\"><span class=\"wp-block-themeisle-blocks-font-awesome-icons-container\"><i class=\"fas fa-cog\"><\/i><\/span><\/div>\n\n\n\n<h3 class=\"wp-block-heading has-text-color\" style=\"color:#ee3832;margin-top:0px\">Inovacion<\/h3>\n\n\n\n<p class=\"has-text-color has-link-color wp-elements-30d5a39fc84bc5f483bd88a9db792ca8\" style=\"color:#070731\">Ne besojm\u00eb se zhvillimi nuk ndalet kurr\u00eb. P\u00ebrmes k\u00ebrkimit t\u00eb vazhduesh\u00ebm dhe teknologjis\u00eb moderne, OMICRONI sjell zgjidhje t\u00eb reja q\u00eb e b\u00ebjn\u00eb nd\u00ebrtimin m\u00eb efikas, m\u00eb t\u00eb q\u00ebndruesh\u00ebm dhe m\u00eb estetik.<\/p>\n<\/div>\n<\/div><\/div>\n\n\n\n<h2 class=\"wp-block-heading has-text-align-center\">CERTIFIKATAT<\/h2>\n\n\n\n<figure class=\"wp-block-gallery has-nested-images columns-default is-cropped wp-block-gallery-1 is-layout-flex wp-block-gallery-is-layout-flex\">\n<figure class=\"wp-block-image size-large is-resized\"><a href=\"https:\/\/omicroni.com\/wp-content\/uploads\/2025\/12\/P-76_2025_final_251217_223254.pdf\"><img loading=\"lazy\" decoding=\"async\" width=\"755\" height=\"1024\" data-id=\"211\" src=\"https:\/\/omicroni.com\/wp-content\/uploads\/2025\/12\/certifikata-1-755x1024.png\" alt=\"\" class=\"wp-image-211\" style=\"width:242px;height:auto\" srcset=\"https:\/\/omicroni.com\/wp-content\/uploads\/2025\/12\/certifikata-1-755x1024.png 755w, https:\/\/omicroni.com\/wp-content\/uploads\/2025\/12\/certifikata-1-221x300.png 221w, https:\/\/omicroni.com\/wp-content\/uploads\/2025\/12\/certifikata-1-768x1041.png 768w, https:\/\/omicroni.com\/wp-content\/uploads\/2025\/12\/certifikata-1-600x813.png 600w, https:\/\/omicroni.com\/wp-content\/uploads\/2025\/12\/certifikata-1.png 1125w\" sizes=\"auto, (max-width: 755px) 100vw, 755px\" \/><\/a><\/figure>\n\n\n\n<figure class=\"wp-block-image size-large is-resized\"><a href=\"https:\/\/omicroni.com\/wp-content\/uploads\/2025\/12\/P-77_2025_final__251217_223326.pdf\"><img loading=\"lazy\" decoding=\"async\" width=\"755\" height=\"1024\" data-id=\"214\" src=\"https:\/\/omicroni.com\/wp-content\/uploads\/2025\/12\/certifikata-2-755x1024.png\" alt=\"\" class=\"wp-image-214\" style=\"width:238px;height:auto\" srcset=\"https:\/\/omicroni.com\/wp-content\/uploads\/2025\/12\/certifikata-2-755x1024.png 755w, https:\/\/omicroni.com\/wp-content\/uploads\/2025\/12\/certifikata-2-221x300.png 221w, https:\/\/omicroni.com\/wp-content\/uploads\/2025\/12\/certifikata-2-768x1041.png 768w, https:\/\/omicroni.com\/wp-content\/uploads\/2025\/12\/certifikata-2-600x813.png 600w, https:\/\/omicroni.com\/wp-content\/uploads\/2025\/12\/certifikata-2.png 1125w\" sizes=\"auto, (max-width: 755px) 100vw, 755px\" \/><\/a><\/figure>\n\n\n\n<figure class=\"wp-block-image aligncenter size-large is-resized\"><a href=\"https:\/\/omicroni.com\/wp-content\/uploads\/2025\/12\/PTD_005_Omikroni_Hiri_251217_224528.pdf\"><img loading=\"lazy\" decoding=\"async\" width=\"755\" height=\"1024\" data-id=\"215\" src=\"https:\/\/omicroni.com\/wp-content\/uploads\/2025\/12\/certifikata-3-755x1024.png\" alt=\"\" class=\"wp-image-215\" style=\"aspect-ratio:0.7373157099933056;width:256px;height:auto\" srcset=\"https:\/\/omicroni.com\/wp-content\/uploads\/2025\/12\/certifikata-3-755x1024.png 755w, https:\/\/omicroni.com\/wp-content\/uploads\/2025\/12\/certifikata-3-221x300.png 221w, https:\/\/omicroni.com\/wp-content\/uploads\/2025\/12\/certifikata-3-768x1041.png 768w, https:\/\/omicroni.com\/wp-content\/uploads\/2025\/12\/certifikata-3-600x813.png 600w, https:\/\/omicroni.com\/wp-content\/uploads\/2025\/12\/certifikata-3.png 1125w\" sizes=\"auto, (max-width: 755px) 100vw, 755px\" \/><\/a><\/figure>\n<\/figure>\n\n\n\n<figure class=\"wp-block-gallery has-nested-images columns-default is-cropped wp-block-gallery-2 is-layout-flex wp-block-gallery-is-layout-flex\">\n<figure class=\"wp-block-image size-large is-resized\"><a href=\"https:\/\/omicroni.com\/wp-content\/uploads\/2025\/12\/PTD_004_Omikroni_Baron_251217_224544.pdf\"><img loading=\"lazy\" decoding=\"async\" width=\"755\" height=\"1024\" data-id=\"227\" src=\"https:\/\/omicroni.com\/wp-content\/uploads\/2025\/12\/certifikata-5-755x1024.png\" alt=\"\" class=\"wp-image-227\" style=\"width:231px;height:auto\" srcset=\"https:\/\/omicroni.com\/wp-content\/uploads\/2025\/12\/certifikata-5-755x1024.png 755w, https:\/\/omicroni.com\/wp-content\/uploads\/2025\/12\/certifikata-5-221x300.png 221w, https:\/\/omicroni.com\/wp-content\/uploads\/2025\/12\/certifikata-5-768x1041.png 768w, https:\/\/omicroni.com\/wp-content\/uploads\/2025\/12\/certifikata-5-600x813.png 600w, https:\/\/omicroni.com\/wp-content\/uploads\/2025\/12\/certifikata-5.png 1125w\" sizes=\"auto, (max-width: 755px) 100vw, 755px\" \/><\/a><\/figure>\n\n\n\n<figure class=\"wp-block-image size-large is-resized\"><a href=\"https:\/\/omicroni.com\/wp-content\/uploads\/2025\/12\/PTD_004_Omikroni_Baron_251217_224544.pdf\"><img loading=\"lazy\" decoding=\"async\" width=\"755\" height=\"1024\" data-id=\"225\" src=\"https:\/\/omicroni.com\/wp-content\/uploads\/2025\/12\/certifikata-4-755x1024.png\" alt=\"\" class=\"wp-image-225\" style=\"width:228px;height:auto\" srcset=\"https:\/\/omicroni.com\/wp-content\/uploads\/2025\/12\/certifikata-4-755x1024.png 755w, https:\/\/omicroni.com\/wp-content\/uploads\/2025\/12\/certifikata-4-221x300.png 221w, https:\/\/omicroni.com\/wp-content\/uploads\/2025\/12\/certifikata-4-768x1041.png 768w, https:\/\/omicroni.com\/wp-content\/uploads\/2025\/12\/certifikata-4-600x813.png 600w, https:\/\/omicroni.com\/wp-content\/uploads\/2025\/12\/certifikata-4.png 1125w\" sizes=\"auto, (max-width: 755px) 100vw, 755px\" \/><\/a><\/figure>\n\n\n\n<figure class=\"wp-block-image size-large is-resized\"><a href=\"https:\/\/omicroni.com\/wp-content\/uploads\/2025\/12\/P-48_2025_251217_224722.pdf\"><img loading=\"lazy\" decoding=\"async\" width=\"755\" height=\"1024\" data-id=\"230\" src=\"https:\/\/omicroni.com\/wp-content\/uploads\/2025\/12\/certifikata-6-755x1024.png\" alt=\"\" class=\"wp-image-230\" style=\"width:243px;height:auto\" srcset=\"https:\/\/omicroni.com\/wp-content\/uploads\/2025\/12\/certifikata-6-755x1024.png 755w, https:\/\/omicroni.com\/wp-content\/uploads\/2025\/12\/certifikata-6-221x300.png 221w, https:\/\/omicroni.com\/wp-content\/uploads\/2025\/12\/certifikata-6-768x1041.png 768w, https:\/\/omicroni.com\/wp-content\/uploads\/2025\/12\/certifikata-6-600x813.png 600w, https:\/\/omicroni.com\/wp-content\/uploads\/2025\/12\/certifikata-6.png 1125w\" sizes=\"auto, (max-width: 755px) 100vw, 755px\" \/><\/a><\/figure>\n<\/figure>\n","protected":false},"excerpt":{"rendered":"<p>CERTIFIKATAT<\/p>\n","protected":false},"author":1,"featured_media":0,"parent":0,"menu_order":0,"comment_status":"open","ping_status":"open","template":"","meta":{"_themeisle_gutenberg_block_has_review":false,"footnotes":""},"class_list":["post-171","page","type-page","status-publish","hentry"],"_links":{"self":[{"href":"https:\/\/omicroni.com\/index.php?rest_route=\/wp\/v2\/pages\/171","targetHints":{"allow":["GET"]}}],"collection":[{"href":"https:\/\/omicroni.com\/index.php?rest_route=\/wp\/v2\/pages"}],"about":[{"href":"https:\/\/omicroni.com\/index.php?rest_route=\/wp\/v2\/types\/page"}],"author":[{"embeddable":true,"href":"https:\/\/omicroni.com\/index.php?rest_route=\/wp\/v2\/users\/1"}],"replies":[{"embeddable":true,"href":"https:\/\/omicroni.com\/index.php?rest_route=%2Fwp%2Fv2%2Fcomments&post=171"}],"version-history":[{"count":5,"href":"https:\/\/omicroni.com\/index.php?rest_route=\/wp\/v2\/pages\/171\/revisions"}],"predecessor-version":[{"id":233,"href":"https:\/\/omicroni.com\/index.php?rest_route=\/wp\/v2\/pages\/171\/revisions\/233"}],"wp:attachment":[{"href":"https:\/\/omicroni.com\/index.php?rest_route=%2Fwp%2Fv2%2Fmedia&parent=171"}],"curies":[{"name":"wp","href":"https:\/\/api.w.org\/{rel}","templated":true}]}}