{"id":102,"date":"2025-11-04T22:37:25","date_gmt":"2025-11-04T22:37:25","guid":{"rendered":"https:\/\/omicroni.com\/?post_type=product&#038;p=102"},"modified":"2025-12-19T22:07:02","modified_gmt":"2025-12-19T22:07:02","slug":"fill-ngjites-keramikash-3000-i-bardhe","status":"publish","type":"product","link":"https:\/\/omicroni.com\/?product=fill-ngjites-keramikash-3000-i-bardhe","title":{"rendered":"FILL NGJIT\u00cbS P\u00cbR KERAMIK\u00cb 3000 I BARDH\u00cb"},"content":{"rendered":"<p>(ALB) &#8211; Ngjit\u00ebs qeramike, C2TE (Bardh\u00eb)<br \/>\nNgjit\u00ebs p\u00ebr qeramik\u00eb, ngjyr\u00eb e bardh\u00eb me baz\u00eb \u00e7imento, e p\u00ebrforcuar me rezin\u00eb akrilike dhe aditiv\u00eb speciale. Ofron punueshm\u00ebri t\u00eb l\u00ebht\u00eb dhe aft\u00ebsi te mire ngjitje n\u00eb mure dhe dysheme. Aplikohet me kr\u00ebh\u00ebr deri ne 10 mm.<br \/>\nKaraktesitikat<br \/>\nP\u00ebr ambiente rezidenciale t\u00eb brendshme dhe t\u00eb jashtme.<br \/>\nP\u00ebr ambiente me lag\u00ebshtire apo prani ngricash.<br \/>\nPunueshmeri te mire.<br \/>\nP\u00ebr ngjitjen e pllakave qeramike, gres dhe porcelani.<br \/>\nKlasifikimi<br \/>\nKlasifikohet si C2TE sipas standartit EN 12004.<br \/>\nC2 &#8211; fort\u00ebsi ngjitje normale \u2265 1 N\/mm2.<br \/>\nT- vetit\u00eb tiksotropike kundra rr\u00ebshqitjes s\u00eb pllak\u00ebs n\u00eb sip\u00ebrfaqe vertikale \u2264 5 mm.<br \/>\nE &#8211; punueshm\u00ebri me koh\u00eb t\u00eb zgjatur deri n\u00eb 30 minuta.<br \/>\nPergatitja<br \/>\nNj\u00eb thes pluhur 25 kg p\u00ebrzihet me 6.5-7 litra uj\u00eb t\u00eb past\u00ebr. Perzierja behet me mixer elektrik deri ne<br \/>\n300rpm, derisa te perftohet nje mase homogjene. Lihet te pushoje per 5min. dhe pastaj periehet perseri per 1min.<br \/>\nPunohet n\u00eb kushte atmosferike t\u00eb p\u00ebrshtatshme n\u00eb temperaturat nga +5 deri n\u00eb +35 \u00b0C.<br \/>\nKonsumi<br \/>\n3-5 kg\/m2\/25 kg, n\u00eb var\u00ebsi t\u00eb substartit dhe dh\u00ebmbeve t\u00eb kr\u00ebh\u00ebrit.<br \/>\nT\u00eb ruhet n\u00eb ambient t\u00eb that\u00eb me ambalazh te pahapur p\u00ebr 12 muaj.<\/p>\n","protected":false},"excerpt":{"rendered":"<p>Ngjit\u00ebs p\u00ebr qeramik\u00eb, ngjyr\u00eb e bardh\u00eb me baz\u00eb \u00e7imento, e p\u00ebrforcuar me rezin\u00eb akrilike dhe aditiv\u00eb speciale. Ofron punueshm\u00ebri t\u00eb l\u00ebht\u00eb dhe aft\u00ebsi te mire ngjitje n\u00eb mure dhe dysheme. Aplikohet me kr\u00ebh\u00ebr deri ne 10 mm.<\/p>\n","protected":false},"featured_media":136,"comment_status":"open","ping_status":"closed","template":"","meta":{"_themeisle_gutenberg_block_has_review":false},"product_brand":[27],"product_cat":[18],"product_tag":[],"class_list":{"0":"post-102","1":"product","2":"type-product","3":"status-publish","4":"has-post-thumbnail","6":"product_brand-produkte-nga-fill","7":"product_cat-ngjites-per-keramika","9":"first","10":"instock","11":"shipping-taxable","12":"product-type-simple"},"_links":{"self":[{"href":"https:\/\/omicroni.com\/index.php?rest_route=\/wp\/v2\/product\/102","targetHints":{"allow":["GET"]}}],"collection":[{"href":"https:\/\/omicroni.com\/index.php?rest_route=\/wp\/v2\/product"}],"about":[{"href":"https:\/\/omicroni.com\/index.php?rest_route=\/wp\/v2\/types\/product"}],"replies":[{"embeddable":true,"href":"https:\/\/omicroni.com\/index.php?rest_route=%2Fwp%2Fv2%2Fcomments&post=102"}],"wp:featuredmedia":[{"embeddable":true,"href":"https:\/\/omicroni.com\/index.php?rest_route=\/wp\/v2\/media\/136"}],"wp:attachment":[{"href":"https:\/\/omicroni.com\/index.php?rest_route=%2Fwp%2Fv2%2Fmedia&parent=102"}],"wp:term":[{"taxonomy":"product_brand","embeddable":true,"href":"https:\/\/omicroni.com\/index.php?rest_route=%2Fwp%2Fv2%2Fproduct_brand&post=102"},{"taxonomy":"product_cat","embeddable":true,"href":"https:\/\/omicroni.com\/index.php?rest_route=%2Fwp%2Fv2%2Fproduct_cat&post=102"},{"taxonomy":"product_tag","embeddable":true,"href":"https:\/\/omicroni.com\/index.php?rest_route=%2Fwp%2Fv2%2Fproduct_tag&post=102"}],"curies":[{"name":"wp","href":"https:\/\/api.w.org\/{rel}","templated":true}]}}