{"id":108,"date":"2025-11-04T22:37:26","date_gmt":"2025-11-04T22:37:26","guid":{"rendered":"https:\/\/omicroni.com\/?post_type=product&#038;p=108"},"modified":"2026-01-08T20:16:54","modified_gmt":"2026-01-08T20:16:54","slug":"fill-llak","status":"publish","type":"product","link":"https:\/\/omicroni.com\/?product=fill-llak","title":{"rendered":"FILL LLAQ"},"content":{"rendered":"<p>Lla\u00e7 mbush\u00ebsh gri me baz\u00eb \u00e7imento, g\u00eblqere, rezina akrilike dhe aditiv\u00eb speciale. Lla\u00e7i ka nj\u00eb<br \/>\npunueshm\u00ebri shum\u00eb t\u00eb mir\u00eb, aft\u00ebsi t\u00eb lart\u00eb ngjit\u00ebse n\u00eb mure dhe tavane, veti jo rr\u00ebshqit\u00ebse n\u00eb<br \/>\nsip\u00ebrfaqe vertikale dhe rezistenc\u00eb t\u00eb lart\u00eb mekanike.<br \/>\nP\u00ebrdoret si lla\u00e7 mbush\u00ebs p\u00ebr sip\u00ebrfaqe t\u00eb ndryshme muri si, tulle, blloku, guri. Aplikohet n\u00eb<br \/>\ntemperaturat nga +5 deri n\u00eb +35 o C.<br \/>\nSuporti n\u00eb t\u00eb cilin do t\u00eb aplikohet lla\u00e7i duhet t\u00eb jet\u00eb i past\u00ebr pa pluhur, vajra ose naft\u00eb, n\u00eb m\u00ebnyr\u00eb<br \/>\np\u00ebr t\u00eb mos penguar ngjitjen. Sip\u00ebrfaqja duhet t\u00eb jet\u00ebe that\u00eb dhe e q\u00ebndrueshme.<br \/>\nThesi 25 kg me Lla\u00e7 Mbush\u00ebs p\u00ebrzjehet me 5.5 \u2013 6 lit\u00ebr uj\u00eb t\u00eb past\u00ebr me an\u00eb t\u00eb nj\u00eb p\u00ebrzjer\u00ebsi<br \/>\nelektik, derisa t\u00eb p\u00ebrfitohet masa e k\u00ebrkuar. Aplikohet me pomp\u00eb ose me mistri. Aplikohet n\u00eb nj\u00eb<br \/>\ntrash\u00ebsi jo m\u00eb t\u00eb madhe se 1.5 &#8211; 2 cm p\u00ebr shtres\u00eb, me nj\u00eb koh\u00eb punueshm\u00ebrie 30 minutave.<br \/>\nP\u00ebrmasa e Grimcave \u2264 1.2 mm<br \/>\nK\u00ebrkesa p\u00ebr uj\u00eb 5.5-6 lit\u00ebr\/25 kg pluhur<br \/>\nKonsumi: 1.5 kg\/m2\/mm<br \/>\nRezistenca pas 28 dit\u00ebve: \u00a0 \u2265 5 N\/mm2<br \/>\nMateriali ruhet deri ne 12 muaj n\u00eb paketimin original. T\u00eb mbahet n\u00eb v\u00ebnde t\u00eb thata.<\/p>\n","protected":false},"excerpt":{"rendered":"<p>Lla\u00e7 mbush\u00ebsh gri me baz\u00eb \u00e7imento, g\u00eblqere, rezina akrilike dhe aditiv\u00eb speciale. Lla\u00e7i ka nj\u00eb<br \/>\npunueshm\u00ebri shum\u00eb t\u00eb mir\u00eb, aft\u00ebsi t\u00eb lart\u00eb ngjit\u00ebse n\u00eb mure dhe tavane, veti jo rr\u00ebshqit\u00ebse n\u00eb<br \/>\nsip\u00ebrfaqe vertikale dhe rezistenc\u00eb t\u00eb lart\u00eb mekanike.<\/p>\n","protected":false},"featured_media":133,"comment_status":"open","ping_status":"closed","template":"","meta":{"_themeisle_gutenberg_block_has_review":false},"product_brand":[27],"product_cat":[19],"product_tag":[],"class_list":{"0":"post-108","1":"product","2":"type-product","3":"status-publish","4":"has-post-thumbnail","6":"product_brand-produkte-nga-fill","7":"product_cat-tjera","9":"first","10":"instock","11":"shipping-taxable","12":"product-type-simple"},"_links":{"self":[{"href":"https:\/\/omicroni.com\/index.php?rest_route=\/wp\/v2\/product\/108","targetHints":{"allow":["GET"]}}],"collection":[{"href":"https:\/\/omicroni.com\/index.php?rest_route=\/wp\/v2\/product"}],"about":[{"href":"https:\/\/omicroni.com\/index.php?rest_route=\/wp\/v2\/types\/product"}],"replies":[{"embeddable":true,"href":"https:\/\/omicroni.com\/index.php?rest_route=%2Fwp%2Fv2%2Fcomments&post=108"}],"wp:featuredmedia":[{"embeddable":true,"href":"https:\/\/omicroni.com\/index.php?rest_route=\/wp\/v2\/media\/133"}],"wp:attachment":[{"href":"https:\/\/omicroni.com\/index.php?rest_route=%2Fwp%2Fv2%2Fmedia&parent=108"}],"wp:term":[{"taxonomy":"product_brand","embeddable":true,"href":"https:\/\/omicroni.com\/index.php?rest_route=%2Fwp%2Fv2%2Fproduct_brand&post=108"},{"taxonomy":"product_cat","embeddable":true,"href":"https:\/\/omicroni.com\/index.php?rest_route=%2Fwp%2Fv2%2Fproduct_cat&post=108"},{"taxonomy":"product_tag","embeddable":true,"href":"https:\/\/omicroni.com\/index.php?rest_route=%2Fwp%2Fv2%2Fproduct_tag&post=108"}],"curies":[{"name":"wp","href":"https:\/\/api.w.org\/{rel}","templated":true}]}}