{"id":111,"date":"2025-11-04T22:37:26","date_gmt":"2025-11-04T22:37:26","guid":{"rendered":"https:\/\/omicroni.com\/?post_type=product&#038;p=111"},"modified":"2025-12-17T23:51:01","modified_gmt":"2025-12-17T23:51:01","slug":"omi-ngjites-styropori-gri","status":"publish","type":"product","link":"https:\/\/omicroni.com\/?product=omi-ngjites-styropori-gri","title":{"rendered":"OMI NGJIT\u00cbS STYROPORI GRI"},"content":{"rendered":"<p>(ALB) &#8211; Ngjit\u00ebs stiropori<br \/>\nNgjit\u00ebsi i Stiroporit \u00ebsht\u00eb material me baz\u00eb \u00e7imento, pluhur e granulat g\u00eblqeror deri 0,8 mm, rezin\u00eb akrilike dhe e p\u00ebrforcuar me fibra sintetike. Formulimi i materialit \u00ebsht\u00eb dizenjuar posa\u00e7\u00ebrisht n\u00eb raportet adekuate q\u00eb t\u00eb kryej\u00eb nj\u00eb ngjitje perfekte t\u00eb substratit me stiroporin dhe pastaj t\u00eb veshjes s\u00eb stiroporit me rrjete. Materiali g\u00ebzon punueshm\u00ebri t\u00eb lart\u00eb dhe rezistenca kund\u00ebr lag\u00ebshtir\u00ebs. P\u00ebrdoret n\u00eb kombinim me fasada minerale ose akrilike. I p\u00ebrshtatsh\u00ebm p\u00ebr ngjitjen e paneleve termoizoluese si: panele polesteroli, lesh guri, etj.<br \/>\nP\u00ebrgatitja<br \/>\nP\u00ebrpara aplikimit t\u00eb produktit, sip\u00ebrfaqa duhet t\u00eb jet\u00eb e past\u00ebr, pa pluhura dhe yndyrna. Nj\u00eb thes pluhur perzjehet me 6.5-7 litra uj\u00eb t\u00eb past\u00ebr. P\u00ebrzierja b\u00ebhet me p\u00ebrzjer\u00ebs elek-trik deri 300 rpm, derisa t\u00eb p\u00ebrftohet nj\u00eb mas\u00eb homogjene. Lihet t\u00eb pushoj\u00eb p\u00ebr 5 minuta dhe m\u00eb pas p\u00ebrzjehet p\u00ebrs\u00ebri.<br \/>\nKonsumi<br \/>\nSi ngjit\u00ebs: 3-5 kg\/m2<br \/>\nSi shtres\u00eb rrafshuese: 1.5-2 kg\/m2<br \/>\nK\u00ebshillohet t\u00eb aplikohet n\u00eb kushte t\u00eb p\u00ebrshtatshme t\u00eb motit n\u00eb temperatuara 5-35\u00b0C, brenda 4 or\u00ebsh<br \/>\nT\u00eb ruhet n\u00eb ambient t\u00eb that\u00eb me ambalazh te pahapur p\u00ebr 12 muaj.<br \/>\n(ENG) &#8211; Styrofoam adhesive<br \/>\nStyrofoam adhesive is a cement-based material, powder and limestone granules up to 0.8 mm, acrylic resin and reinforced with synthetic fibers. The formulation of the materi-al is specially designed in adequate ratios to perform a perfect adhesion of the substrate to the Styrofoam and then to the Styrofoam coating with mesh. The material enjoys high workability and resistance against moisture. Used in combination with mineral or acrylic facades. Suitable for gluing thermal insulation panels such as: polyester panels, stone wool, etc.<br \/>\nPreparation<br \/>\nPrior to application of the product, the surface should be clean, free of dust and grease. A bag of powder is mixed with 6.5-7 liters of clean water. Mixing is done with an electric mixer up to 300 rpm, until a homogeneous mass is obtained. Leave to rest for 5 minutes and then mix again.<br \/>\nConsumption<br \/>\nAs an adhesive: 3-5 kg\/m2<br \/>\nAs a leveling layer: 1,5-2 kg\/m2<br \/>\nIt is advisable to apply in suitable weather conditions at temperatures 5-35\u00b0 C, within 4<br \/>\nhours<br \/>\nStore in a dry place with unopened packaging for 12 months.<\/p>\n","protected":false},"excerpt":{"rendered":"<p>Ngjit\u00ebs stiropori<br \/>\nNgjit\u00ebsi i Stiroporit \u00ebsht\u00eb material me baz\u00eb \u00e7imento, pluhur e granulat g\u00eblqeror deri 0,8 mm, rezin\u00eb akrilike dhe e p\u00ebrforcuar me fibra sintetike. Formulimi i materialit \u00ebsht\u00eb dizenjuar posa\u00e7\u00ebrisht n\u00eb raportet adekuate q\u00eb t\u00eb kryej\u00eb nj\u00eb ngjitje perfekte t\u00eb substratit me stiroporin dhe pastaj t\u00eb veshjes s\u00eb stiroporit me rrjete. Materiali g\u00ebzon punueshm\u00ebri t\u00eb lart\u00eb dhe rezistenca kund\u00ebr lag\u00ebshtir\u00ebs. P\u00ebrdoret n\u00eb kombinim me fasada minerale ose akrilike. I p\u00ebrshtatsh\u00ebm p\u00ebr ngjitjen e paneleve termoizoluese si: panele polesteroli, lesh guri, etj.<\/p>\n","protected":false},"featured_media":130,"comment_status":"open","ping_status":"closed","template":"","meta":{"_themeisle_gutenberg_block_has_review":false},"product_brand":[28],"product_cat":[19],"product_tag":[],"class_list":{"0":"post-111","1":"product","2":"type-product","3":"status-publish","4":"has-post-thumbnail","6":"product_brand-produkte-nga-omi","7":"product_cat-tjera","9":"first","10":"instock","11":"shipping-taxable","12":"product-type-simple"},"_links":{"self":[{"href":"https:\/\/omicroni.com\/index.php?rest_route=\/wp\/v2\/product\/111","targetHints":{"allow":["GET"]}}],"collection":[{"href":"https:\/\/omicroni.com\/index.php?rest_route=\/wp\/v2\/product"}],"about":[{"href":"https:\/\/omicroni.com\/index.php?rest_route=\/wp\/v2\/types\/product"}],"replies":[{"embeddable":true,"href":"https:\/\/omicroni.com\/index.php?rest_route=%2Fwp%2Fv2%2Fcomments&post=111"}],"wp:featuredmedia":[{"embeddable":true,"href":"https:\/\/omicroni.com\/index.php?rest_route=\/wp\/v2\/media\/130"}],"wp:attachment":[{"href":"https:\/\/omicroni.com\/index.php?rest_route=%2Fwp%2Fv2%2Fmedia&parent=111"}],"wp:term":[{"taxonomy":"product_brand","embeddable":true,"href":"https:\/\/omicroni.com\/index.php?rest_route=%2Fwp%2Fv2%2Fproduct_brand&post=111"},{"taxonomy":"product_cat","embeddable":true,"href":"https:\/\/omicroni.com\/index.php?rest_route=%2Fwp%2Fv2%2Fproduct_cat&post=111"},{"taxonomy":"product_tag","embeddable":true,"href":"https:\/\/omicroni.com\/index.php?rest_route=%2Fwp%2Fv2%2Fproduct_tag&post=111"}],"curies":[{"name":"wp","href":"https:\/\/api.w.org\/{rel}","templated":true}]}}