{"id":243,"date":"2025-12-17T23:31:53","date_gmt":"2025-12-17T23:31:53","guid":{"rendered":"https:\/\/omicroni.com\/?post_type=product&#038;p=243"},"modified":"2026-01-25T10:31:51","modified_gmt":"2026-01-25T10:31:51","slug":"fill-classic-15l-5l-3l","status":"publish","type":"product","link":"https:\/\/omicroni.com\/?product=fill-classic-15l-5l-3l","title":{"rendered":"FILL CLASSIC 15L \/ 5L \/ 3L"},"content":{"rendered":"<p style=\"text-align: left;\">P\u00ebrdorimi<br \/>\nNgjyre me baze silikoni per mbrojtjen dhe dekorimin e fasadave te reja dhe te vjetra. \u00cbsht\u00eb e prodhuar nga materiale te cilesise se larte, ka aft\u00ebsi te shk\u00eblqyer mbulueshm\u00ebrie, \u00ebsht\u00eb rezistent nga uji, ka depertueshm\u00ebrite mire te avullit, eshte e qendrueshme ndaj rrezatimitUV dhe kushteve atmosferike. Pe\u00ebr arsye t\u00eb q\u00ebndrueshmeris\u00eb s\u00eb lart\u00eb \u00ebsht\u00eb e p\u00ebrshtatshme edhe p\u00ebr p\u00ebrdorim ne muret e brendshme t\u00eb objekteve publike. Mund t\u00eb konvertohet n\u00eb 300 nijansa.<br \/>\nPERGADITJA DHE APLIKIMI:<br \/>\nSip\u00ebrfaqja ku do t\u00eb aplikohet ngjyra duhet t\u00eb jet\u00eb e fort\u00eb, e past\u00ebr e that\u00eb dhe e lyer me ngjyre baze(ASTAR). Aplikohet me rul me fije te pershtatshme ne dy shtresa. Thahet dora e pare dhe pastaj aplikohet dora e dyte. (temp +23-25\u00b0C), Perzihet me 10% uje deri ne arritjen e dendesise se duhur.<br \/>\nEshte e preferuar t\u00eb punohet n\u00eb menyr\u00eb t\u00eb nj\u00ebtrajtshme dhe t\u00eb vazhdueshme mbi sip\u00ebrfaqje.<br \/>\nAfati dhe magazinimi: 18 muaj nese ruhet ne ambalazhin<br \/>\norigjinal<br \/>\nShpenzimi: 10-12 m2\/liter n\u00eb varesi t\u00eb sip\u00ebrfaqes<br \/>\nPaketimi: 15 Litra<\/p>\n","protected":false},"excerpt":{"rendered":"<p>Ngjyre me baze silikoni per mbrojtjen dhe dekorimin e fasadave te reja dhe te vjetra. \u00cbsht\u00eb e prodhuar nga materiale te cilesise se larte, ka aft\u00ebsi te shk\u00eblqyer mbulueshm\u00ebrie, \u00ebsht\u00eb rezistent nga uji, ka depertueshm\u00ebrite mire te avullit, eshte e qendrueshme ndaj rrezatimitUV dhe kushteve atmosferike. Pe\u00ebr arsye t\u00eb q\u00ebndrueshmeris\u00eb s\u00eb lart\u00eb \u00ebsht\u00eb e p\u00ebrshtatshme edhe p\u00ebr p\u00ebrdorim ne muret e brendshme t\u00eb objekteve publike. Mund t\u00eb konvertohet n\u00eb 300 nijansa.<\/p>\n","protected":false},"featured_media":241,"comment_status":"open","ping_status":"closed","template":"","meta":{"_themeisle_gutenberg_block_has_review":false},"product_brand":[27],"product_cat":[17],"product_tag":[29],"class_list":{"0":"post-243","1":"product","2":"type-product","3":"status-publish","4":"has-post-thumbnail","6":"product_brand-produkte-nga-fill","7":"product_cat-ngjyra","8":"product_tag-ngjyra","10":"first","11":"instock","12":"shipping-taxable","13":"product-type-simple"},"_links":{"self":[{"href":"https:\/\/omicroni.com\/index.php?rest_route=\/wp\/v2\/product\/243","targetHints":{"allow":["GET"]}}],"collection":[{"href":"https:\/\/omicroni.com\/index.php?rest_route=\/wp\/v2\/product"}],"about":[{"href":"https:\/\/omicroni.com\/index.php?rest_route=\/wp\/v2\/types\/product"}],"replies":[{"embeddable":true,"href":"https:\/\/omicroni.com\/index.php?rest_route=%2Fwp%2Fv2%2Fcomments&post=243"}],"wp:featuredmedia":[{"embeddable":true,"href":"https:\/\/omicroni.com\/index.php?rest_route=\/wp\/v2\/media\/241"}],"wp:attachment":[{"href":"https:\/\/omicroni.com\/index.php?rest_route=%2Fwp%2Fv2%2Fmedia&parent=243"}],"wp:term":[{"taxonomy":"product_brand","embeddable":true,"href":"https:\/\/omicroni.com\/index.php?rest_route=%2Fwp%2Fv2%2Fproduct_brand&post=243"},{"taxonomy":"product_cat","embeddable":true,"href":"https:\/\/omicroni.com\/index.php?rest_route=%2Fwp%2Fv2%2Fproduct_cat&post=243"},{"taxonomy":"product_tag","embeddable":true,"href":"https:\/\/omicroni.com\/index.php?rest_route=%2Fwp%2Fv2%2Fproduct_tag&post=243"}],"curies":[{"name":"wp","href":"https:\/\/api.w.org\/{rel}","templated":true}]}}