{"id":247,"date":"2025-12-17T23:35:39","date_gmt":"2025-12-17T23:35:39","guid":{"rendered":"https:\/\/omicroni.com\/?post_type=product&#038;p=247"},"modified":"2025-12-17T23:35:40","modified_gmt":"2025-12-17T23:35:40","slug":"omi-dekorative-25kg","status":"publish","type":"product","link":"https:\/\/omicroni.com\/?product=omi-dekorative-25kg","title":{"rendered":"OMI DEKORATIVE 25KG"},"content":{"rendered":"<p>(ALB) KARAKTERISTIKAT E PRODUKTIT<br \/>\nProdukti yne \u00ebshte llac me ngjyre te bardhe I gatshem qe te perdoret p\u00ebr dekorimin e sip\u00ebrfaqeve te jashtme dhe te brendshme.<br \/>\nPas forcimit krijon nje shtres\u00eb dekorative: Rezistente ndaj kushteve atmosferike (shiu, bora etj, temperaturat e larta dhe te uleta) si dhe goditjeve fizike. Ka aftesi difuzive, Elastike, Eko. Me produktin tone mund te arrihen numer I pakifizueshem I nuansave<br \/>\nPERDORIMI<br \/>\nQ\u00eb t\u00eb arrini cil\u00ebsin\u00eb t\u00eb p\u00ebrsosur duhet q\u00eb: Sip\u00ebrfaqet te jen\u00eb t\u00eb thata, te past\u00ebrta,, pa ndotje, shenja, njolla, myk, pa d\u00ebmtime strukturale. Sip\u00ebrfaqja preferohet te lyhet paraprakisht me Baze, pastaj me fasad\u00eb.<br \/>\nShp\u00ebrndarja behet me rrafshues inoks, kurse struktura e deshiruar fitohet me rrafshues adekuat (psh oblla plastike).<br \/>\nPer te arritur cilesine e duhur Masa duhet t\u00eb aplikohet n\u00eb temperature midis 5-35 \u00b0C. perdorimi I produktit tone ne 7-9m2\/25kg. kjo varet teresisht se ne cfare siperfaqje aplikohet. Produkti t\u00eb ruhet larg that\u00ebsis\u00eb, rrezeve t\u00eb diellit dhe te ftohtit(ngricat). Lexoni me kujdes udh\u00ebzimet per p\u00ebrdorimin dhe ruajtjen e produktit.<\/p>\n","protected":false},"excerpt":{"rendered":"<p>Produkti yne \u00ebshte llac me ngjyre te bardhe I gatshem qe te perdoret p\u00ebr dekorimin e sip\u00ebrfaqeve te jashtme dhe te brendshme.<br \/>\nPas forcimit krijon nje shtres\u00eb dekorative: Rezistente ndaj kushteve atmosferike (shiu, bora etj, temperaturat e larta dhe te uleta) si dhe goditjeve fizike. Ka aftesi difuzive, Elastike, Eko. Me produktin tone mund te arrihen numer I pakifizueshem I nuansave<\/p>\n","protected":false},"featured_media":239,"comment_status":"open","ping_status":"closed","template":"","meta":{"_themeisle_gutenberg_block_has_review":false},"product_brand":[28],"product_cat":[17],"product_tag":[],"class_list":{"0":"post-247","1":"product","2":"type-product","3":"status-publish","4":"has-post-thumbnail","6":"product_brand-produkte-nga-omi","7":"product_cat-ngjyra","9":"first","10":"instock","11":"shipping-taxable","12":"product-type-simple"},"_links":{"self":[{"href":"https:\/\/omicroni.com\/index.php?rest_route=\/wp\/v2\/product\/247","targetHints":{"allow":["GET"]}}],"collection":[{"href":"https:\/\/omicroni.com\/index.php?rest_route=\/wp\/v2\/product"}],"about":[{"href":"https:\/\/omicroni.com\/index.php?rest_route=\/wp\/v2\/types\/product"}],"replies":[{"embeddable":true,"href":"https:\/\/omicroni.com\/index.php?rest_route=%2Fwp%2Fv2%2Fcomments&post=247"}],"wp:featuredmedia":[{"embeddable":true,"href":"https:\/\/omicroni.com\/index.php?rest_route=\/wp\/v2\/media\/239"}],"wp:attachment":[{"href":"https:\/\/omicroni.com\/index.php?rest_route=%2Fwp%2Fv2%2Fmedia&parent=247"}],"wp:term":[{"taxonomy":"product_brand","embeddable":true,"href":"https:\/\/omicroni.com\/index.php?rest_route=%2Fwp%2Fv2%2Fproduct_brand&post=247"},{"taxonomy":"product_cat","embeddable":true,"href":"https:\/\/omicroni.com\/index.php?rest_route=%2Fwp%2Fv2%2Fproduct_cat&post=247"},{"taxonomy":"product_tag","embeddable":true,"href":"https:\/\/omicroni.com\/index.php?rest_route=%2Fwp%2Fv2%2Fproduct_tag&post=247"}],"curies":[{"name":"wp","href":"https:\/\/api.w.org\/{rel}","templated":true}]}}