{"id":249,"date":"2025-12-17T23:36:58","date_gmt":"2025-12-17T23:36:58","guid":{"rendered":"https:\/\/omicroni.com\/?post_type=product&#038;p=249"},"modified":"2025-12-19T09:59:01","modified_gmt":"2025-12-19T09:59:01","slug":"putz-grund-25kg","status":"publish","type":"product","link":"https:\/\/omicroni.com\/?product=putz-grund-25kg","title":{"rendered":"PUTZ GRUND 25KG"},"content":{"rendered":"<p><strong>P\u00ebrshkrimi i produktit:<\/strong><br \/>\nSpecifikat e mbules\u00ebs: Putz Grund \u00ebsht\u00eb nj\u00eb p\u00ebrzierje shp\u00ebrndar\u00ebse bazuar n\u00eb suva t\u00eb -Common 4.5-5.5 rn2\/kg p\u00ebr t\u00eb stabilizuar substratet poroze, dhe p\u00ebr polimeret e homogjenizuar me kuarc t\u00eb ve\u00e7ant\u00eb, t\u00eb p\u00ebrdorura p\u00ebr t\u00eb Zbutjen e sip\u00ebrfaqes 6.0 -7.5 m2\/kg.<br \/>\nNgjitja e fort\u00eb midis substratit dhe produktit duhet t\u00eb ruhet n\u00eb nj\u00eb sheshe dekorative t\u00eb temperatur\u00ebs. P\u00ebrdoret n\u00eb sip\u00ebrfaqet e mbuluara nga + 5\u00b0 C deri + 30\u00b0 C, larg diellit dhe pllakave, ndihmon n\u00eb gips q\u00eb uji fizik se 10% uj\u00eb t\u00eb shtohet n\u00eb forc\u00ebn e produktit me ngrirje suvaje dhe degnyhpa.<br \/>\nAfati i p\u00ebrdorimit: 12 &#8211; 16 Muaj nga data e prodhimit, e ruajtur n\u00eb ambalazhin origjinal, vetit\u00eb e substratit, ai ka nj\u00eb ndikim n\u00eb mos d\u00ebmtimin ose pabazimin.<br \/>\nV\u00ebmendje: Jo m\u00eb shum\u00eb p\u00ebrmir\u00ebsimi i struktur\u00ebs s\u00eb brezit dekorativ. Ajo rrit<br \/>\nhidrofobin sepse kuarci nuk do t\u00eb fundoset dhe vetit\u00eb e substratit, dhe rrjedhimisht produkti nuk do t\u00eb prodhoj\u00eb si duhet rrit koh\u00ebn e performanc\u00ebs s\u00eb shiritit dekorativ. N\u00ebse produkti \u00ebsht\u00eb ekspozuar \/ Zbatohet n\u00eb ambiente t\u00eb brendshme dhe t\u00eb jashtme n\u00eb rrezet e diellit ose n\u00eb ngrica, at\u00ebher\u00eb prodhuesi e b\u00ebn at\u00eb t\u00eb p\u00ebrshtatshme p\u00ebr nuanca n\u00eb sistemin OmiMix). nuk e garanton k\u00ebt\u00eb produkt. P\u00ebrdorni: Sip\u00ebrfaqet q\u00eb duhen trajtuar duhet t\u00eb jen\u00eb t\u00eb thata, t\u00eb pastra, pa pluhur, yndyrat. Mjetet e pun\u00ebs duhet t\u00eb pastrohen me uj\u00eb menj\u00ebher\u00eb pas p\u00ebrdorimit. Aplikimi: \u2022 Zbatohet me rul ose fur\u00e7\u00eb Hollohet me 10% uj\u00eb t\u00eb past\u00ebr. Koha e that\u00eb n\u00eb 25 \u00b0 C \u00ebsht\u00eb nga 8 -12 or\u00eb Zbatohet n\u00eb temperatur\u00eb: + 5\u00b0C deri + 30 \u00b0 C.<\/p>\n","protected":false},"excerpt":{"rendered":"<p>Specifikat e mbules\u00ebs: Putz Grund \u00ebsht\u00eb nj\u00eb p\u00ebrzierje shp\u00ebrndar\u00ebse bazuar n\u00eb suva t\u00eb -Common 4.5-5.5 rn2\/kg p\u00ebr t\u00eb stabilizuar substratet poroze, dhe p\u00ebr polimeret e homogjenizuar me kuarc t\u00eb ve\u00e7ant\u00eb, t\u00eb p\u00ebrdorura p\u00ebr t\u00eb Zbutjen e sip\u00ebrfaqes 6.0 -7.5 m2\/kg.<br \/>\nNgjitja e fort\u00eb midis substratit dhe produktit duhet t\u00eb ruhet n\u00eb nj\u00eb sheshe dekorative t\u00eb temperatur\u00ebs. P\u00ebrdoret n\u00eb sip\u00ebrfaqet e mbuluara nga + 5\u00b0 C deri + 30\u00b0 C, larg diellit dhe pllakave, ndihmon n\u00eb gips q\u00eb uji fizik se 10% uj\u00eb t\u00eb shtohet n\u00eb forc\u00ebn e produktit me ngrirje suvaje dhe degnyhpa.<\/p>\n","protected":false},"featured_media":238,"comment_status":"open","ping_status":"closed","template":"","meta":{"_themeisle_gutenberg_block_has_review":false},"product_brand":[27,28],"product_cat":[18],"product_tag":[],"class_list":{"0":"post-249","1":"product","2":"type-product","3":"status-publish","4":"has-post-thumbnail","6":"product_brand-produkte-nga-fill","7":"product_brand-produkte-nga-omi","8":"product_cat-ngjites-per-keramika","10":"first","11":"instock","12":"shipping-taxable","13":"product-type-simple"},"_links":{"self":[{"href":"https:\/\/omicroni.com\/index.php?rest_route=\/wp\/v2\/product\/249","targetHints":{"allow":["GET"]}}],"collection":[{"href":"https:\/\/omicroni.com\/index.php?rest_route=\/wp\/v2\/product"}],"about":[{"href":"https:\/\/omicroni.com\/index.php?rest_route=\/wp\/v2\/types\/product"}],"replies":[{"embeddable":true,"href":"https:\/\/omicroni.com\/index.php?rest_route=%2Fwp%2Fv2%2Fcomments&post=249"}],"wp:featuredmedia":[{"embeddable":true,"href":"https:\/\/omicroni.com\/index.php?rest_route=\/wp\/v2\/media\/238"}],"wp:attachment":[{"href":"https:\/\/omicroni.com\/index.php?rest_route=%2Fwp%2Fv2%2Fmedia&parent=249"}],"wp:term":[{"taxonomy":"product_brand","embeddable":true,"href":"https:\/\/omicroni.com\/index.php?rest_route=%2Fwp%2Fv2%2Fproduct_brand&post=249"},{"taxonomy":"product_cat","embeddable":true,"href":"https:\/\/omicroni.com\/index.php?rest_route=%2Fwp%2Fv2%2Fproduct_cat&post=249"},{"taxonomy":"product_tag","embeddable":true,"href":"https:\/\/omicroni.com\/index.php?rest_route=%2Fwp%2Fv2%2Fproduct_tag&post=249"}],"curies":[{"name":"wp","href":"https:\/\/api.w.org\/{rel}","templated":true}]}}