{"id":251,"date":"2025-12-17T23:38:04","date_gmt":"2025-12-17T23:38:04","guid":{"rendered":"https:\/\/omicroni.com\/?post_type=product&#038;p=251"},"modified":"2026-04-20T10:49:39","modified_gmt":"2026-04-20T10:49:39","slug":"omi-beton-kontakt-25kg","status":"publish","type":"product","link":"https:\/\/omicroni.com\/?product=omi-beton-kontakt-25kg","title":{"rendered":"OMI BETON KONTAKT 25KG"},"content":{"rendered":"<p>AL P\u00ebrshkrimi i produktit: Beton Contact \u00ebsht\u00eb p\u00ebrzierje disperzive n\u00eb baz\u00eb t\u00eb polimer\u00ebve, aditiv\u00ebve, dhe pigmenteve t\u00eb homogjenizuara me kok\u00ebrrza t\u00eb kuarcit. P\u00ebrdoret p\u00ebr stabilizimin dhe fort\u00ebsimin e nj\u00ebtrajtsh\u00ebm t\u00eb substratit, si dhe siguron ngjitie t\u00eb fort\u00eb t\u00eb suv\u00ebs dekorative, llaqit, masave hidroizoluese, boj\u00ebrave, etj. Shquhet me veti penetruese dhe stguron ngistjen e shtresave t\u00eb m\u00ebvonshme n\u00eb beton. Ruan vetit\u00eb fizike dhe kimike t\u00eb betonit dhe p\u00ebrmirson vetit\u00eb hidrofobike. Aplikohet n\u00eb ambiente t\u00eb brendshme dhe t\u00eb jashtme. P\u00ebrdorimi: Sip\u00ebrfaqet q\u00eb trajtohen me Beton Contact duhen t\u00eb jen\u00eb t\u00eb thata, t\u00eb forta, t\u00eb past\u00ebrta nga pluhuri, yndyrat, etj. Mjetet e pun\u00ebs duhet t\u00eb pastrohen me uj\u00eb menj\u00ebher\u00eb pas p\u00ebrdorimit.<br \/>\nAplikimi: Aplikohet me Rul apo grush\u00eb. Hollohet me uj\u00ebte past\u00ebr 10%. Koha e tharjes n\u00eb 25\u00b0C, 8-12 or\u00eb. Aplikohet n\u00eb temperatur\u00eb +5\u00b0C +30\u00b0C Lag\u00ebshtia relative e ajrit 45-65% Vetit\u00eb Mbuluse: Sip\u00ebrfaqe t\u00eb betonit 4.0 &#8211; kg<br \/>\nDeponimi: Produkti duhet t\u00eb ruhet n\u00eb temperatur\u00eb +5\u00b0C &#8211; +30\u00b0C, larg rrezeve t\u00eb diellit dhe ngncave. Afati i p\u00ebrdorimit 12-16 muaj, prej dat\u00ebs s\u00eb prodhimit, n\u00ebse ruhet n\u00eb paketimin origjinal, t\u00eb pa d\u00ebmtuar ose t\u00eb pa hapur. V\u00ebrejte: N\u00eb produkt nuk lejohet t\u00ebshtohet m\u00eb shum\u00eb se 10% uj\u00eb sepse kuarci do t\u00eb fundrroj dhe produkti nuk do ti jap performancat e duhura. N\u00ebse produkti ka qen\u00eb n\u00eb ekspozim t\u00eb diellit ose ngricave at\u00ebher\u00eb prodhuesi nuk garanton p\u00ebr produktin n\u00eb fjal\u00eb.<\/p>\n","protected":false},"excerpt":{"rendered":"<p>P\u00ebrshkrimi i produktit: Beton Contact \u00ebsht\u00eb p\u00ebrzierje disperzive n\u00eb baz\u00eb t\u00eb polimer\u00ebve, aditiv\u00ebve, dhe pigmenteve t\u00eb homogjenizuara me kok\u00ebrrza t\u00eb kuarcit. P\u00ebrdoret p\u00ebr stabilizimin dhe fort\u00ebsimin e nj\u00ebtrajtsh\u00ebm t\u00eb substratit, si dhe siguron ngjitie t\u00eb fort\u00eb t\u00eb suv\u00ebs dekorative, llaqit, masave hidroizoluese, boj\u00ebrave, etj. Shquhet me veti penetruese dhe stguron ngistjen e shtresave t\u00eb m\u00ebvonshme n\u00eb beton. Ruan vetit\u00eb fizike dhe kimike t\u00eb betonit dhe p\u00ebrmirson vetit\u00eb hidrofobike. Aplikohet n\u00eb ambiente t\u00eb brendshme dhe t\u00eb jashtme. P\u00ebrdorimi: Sip\u00ebrfaqet q\u00eb trajtohen me Beton Contact duhen t\u00eb jen\u00eb t\u00eb thata, t\u00eb forta, t\u00eb past\u00ebrta nga pluhuri, yndyrat, etj. Mjetet e pun\u00ebs duhet t\u00eb pastrohen me uj\u00eb menj\u00ebher\u00eb pas p\u00ebrdorimit.<\/p>\n","protected":false},"featured_media":237,"comment_status":"open","ping_status":"closed","template":"","meta":{"_themeisle_gutenberg_block_has_review":false},"product_brand":[28],"product_cat":[18],"product_tag":[],"class_list":{"0":"post-251","1":"product","2":"type-product","3":"status-publish","4":"has-post-thumbnail","6":"product_brand-produkte-nga-omi","7":"product_cat-ngjites-per-keramika","9":"first","10":"instock","11":"shipping-taxable","12":"product-type-simple"},"_links":{"self":[{"href":"https:\/\/omicroni.com\/index.php?rest_route=\/wp\/v2\/product\/251","targetHints":{"allow":["GET"]}}],"collection":[{"href":"https:\/\/omicroni.com\/index.php?rest_route=\/wp\/v2\/product"}],"about":[{"href":"https:\/\/omicroni.com\/index.php?rest_route=\/wp\/v2\/types\/product"}],"replies":[{"embeddable":true,"href":"https:\/\/omicroni.com\/index.php?rest_route=%2Fwp%2Fv2%2Fcomments&post=251"}],"wp:featuredmedia":[{"embeddable":true,"href":"https:\/\/omicroni.com\/index.php?rest_route=\/wp\/v2\/media\/237"}],"wp:attachment":[{"href":"https:\/\/omicroni.com\/index.php?rest_route=%2Fwp%2Fv2%2Fmedia&parent=251"}],"wp:term":[{"taxonomy":"product_brand","embeddable":true,"href":"https:\/\/omicroni.com\/index.php?rest_route=%2Fwp%2Fv2%2Fproduct_brand&post=251"},{"taxonomy":"product_cat","embeddable":true,"href":"https:\/\/omicroni.com\/index.php?rest_route=%2Fwp%2Fv2%2Fproduct_cat&post=251"},{"taxonomy":"product_tag","embeddable":true,"href":"https:\/\/omicroni.com\/index.php?rest_route=%2Fwp%2Fv2%2Fproduct_tag&post=251"}],"curies":[{"name":"wp","href":"https:\/\/api.w.org\/{rel}","templated":true}]}}