{"id":271,"date":"2025-12-19T22:23:27","date_gmt":"2025-12-19T22:23:27","guid":{"rendered":"https:\/\/omicroni.com\/?post_type=product&#038;p=271"},"modified":"2026-01-25T10:33:09","modified_gmt":"2026-01-25T10:33:09","slug":"omi-pyka-per-keramika-1-mm-1-5mm-2mm","status":"publish","type":"product","link":"https:\/\/omicroni.com\/?product=omi-pyka-per-keramika-1-mm-1-5mm-2mm","title":{"rendered":"OMI PYKA P\u00cbR KERAMIKA \u200b\u200b1 mm, 1.5mm, 2mm"},"content":{"rendered":"<p>Niveloni dhe rreshtoni pllakat n\u00eb t\u00eb nj\u00ebjt\u00ebn koh\u00eb me sistemin e ndarjes s\u00eb qerpik\u00ebve<br \/>\nI p\u00ebrshtatsh\u00ebm p\u00ebr pllaka me trash\u00ebsi 8mm &#8211; 12mm<br \/>\nSiguron automatikisht hap\u00ebsir\u00eb \u200b\u200b1 mm, 1.5mm, 2mm (p\u00ebrdorni ndar\u00ebs t\u00eb rregullt p\u00ebr t\u00eb rritur gjer\u00ebsin\u00eb e bashkimit n\u00ebse k\u00ebrkohet)<br \/>\nPika e shk\u00ebputjes s\u00eb kap\u00ebseve e projektuar posa\u00e7\u00ebrisht p\u00ebr heqjen e shpejt\u00eb t\u00eb kap\u00ebseve dhe pykave pas p\u00ebrdorimit<br \/>\nKrijon nj\u00eb sip\u00ebrfaqe t\u00eb shesht\u00eb me pllaka dhe parandalon l\u00ebvizjen e pllakave gjat\u00eb instalimit<br \/>\nP\u00ebrdorni n\u00eb dysheme ose mure<br \/>\nP\u00ebrshpejton shum\u00eb instalimet<\/p>\n","protected":false},"excerpt":{"rendered":"<p>Niveloni dhe rreshtoni pllakat n\u00eb t\u00eb nj\u00ebjt\u00ebn koh\u00eb me sistemin e ndarjes s\u00eb qerpik\u00ebve<br \/>\nI p\u00ebrshtatsh\u00ebm p\u00ebr pllaka me trash\u00ebsi 8mm &#8211; 12mm<br \/>\nSiguron automatikisht hap\u00ebsir\u00eb \u200b\u200b1 mm, 1.5mm, 2mm (p\u00ebrdorni ndar\u00ebs t\u00eb rregullt p\u00ebr t\u00eb rritur gjer\u00ebsin\u00eb e bashkimit n\u00ebse k\u00ebrkohet)<br \/>\nPika e shk\u00ebputjes s\u00eb kap\u00ebseve e projektuar posa\u00e7\u00ebrisht p\u00ebr heqjen e shpejt\u00eb t\u00eb kap\u00ebseve dhe pykave pas p\u00ebrdorimit<br \/>\nKrijon nj\u00eb sip\u00ebrfaqe t\u00eb shesht\u00eb me pllaka dhe parandalon l\u00ebvizjen e pllakave gjat\u00eb instalimit<br \/>\nP\u00ebrdorni n\u00eb dysheme ose mure<br \/>\nP\u00ebrshpejton shum\u00eb instalimet<\/p>\n","protected":false},"featured_media":273,"comment_status":"open","ping_status":"closed","template":"","meta":{"_themeisle_gutenberg_block_has_review":false},"product_brand":[28],"product_cat":[33,19],"product_tag":[],"class_list":{"0":"post-271","1":"product","2":"type-product","3":"status-publish","4":"has-post-thumbnail","6":"product_brand-produkte-nga-omi","7":"product_cat-produkte-plastike","8":"product_cat-tjera","10":"first","11":"instock","12":"shipping-taxable","13":"product-type-simple"},"_links":{"self":[{"href":"https:\/\/omicroni.com\/index.php?rest_route=\/wp\/v2\/product\/271","targetHints":{"allow":["GET"]}}],"collection":[{"href":"https:\/\/omicroni.com\/index.php?rest_route=\/wp\/v2\/product"}],"about":[{"href":"https:\/\/omicroni.com\/index.php?rest_route=\/wp\/v2\/types\/product"}],"replies":[{"embeddable":true,"href":"https:\/\/omicroni.com\/index.php?rest_route=%2Fwp%2Fv2%2Fcomments&post=271"}],"wp:featuredmedia":[{"embeddable":true,"href":"https:\/\/omicroni.com\/index.php?rest_route=\/wp\/v2\/media\/273"}],"wp:attachment":[{"href":"https:\/\/omicroni.com\/index.php?rest_route=%2Fwp%2Fv2%2Fmedia&parent=271"}],"wp:term":[{"taxonomy":"product_brand","embeddable":true,"href":"https:\/\/omicroni.com\/index.php?rest_route=%2Fwp%2Fv2%2Fproduct_brand&post=271"},{"taxonomy":"product_cat","embeddable":true,"href":"https:\/\/omicroni.com\/index.php?rest_route=%2Fwp%2Fv2%2Fproduct_cat&post=271"},{"taxonomy":"product_tag","embeddable":true,"href":"https:\/\/omicroni.com\/index.php?rest_route=%2Fwp%2Fv2%2Fproduct_tag&post=271"}],"curies":[{"name":"wp","href":"https:\/\/api.w.org\/{rel}","templated":true}]}}