{"id":87,"date":"2025-11-04T22:37:23","date_gmt":"2025-11-04T22:37:23","guid":{"rendered":"https:\/\/omicroni.com\/?post_type=product&#038;p=87"},"modified":"2025-12-17T23:55:47","modified_gmt":"2025-12-17T23:55:47","slug":"omi-classic-25kg-2","status":"publish","type":"product","link":"https:\/\/omicroni.com\/?product=omi-classic-25kg-2","title":{"rendered":"OMI CLASSIC 15L \/ 5L \/ 3L"},"content":{"rendered":"<p>Boj\u00eb e brendshme me baze akrili q\u00eb mund t\u00eb pastrohet ne te thate, e prodhuar n\u00eb baz\u00eb t\u00eb nj\u00eb emulusioni akrilik t\u00eb cil\u00ebsis\u00eb s\u00eb larte e p\u00ebrshtatshme p\u00ebr ambiente sht\u00ebpie dhe pune t\u00eb ekspozuara ndaj zhytjes. Ka nj\u00eb aft\u00ebsi t\u00eb shk\u00eblqyer mbulueshm\u00ebrie, dep\u00ebrtueshm\u00ebri t\u00eb mir\u00eb t\u00eb avullit dhe bardh\u00ebsi t\u00eb jasht\u00ebzakonshme. Mund t\u00eb tonizohet n\u00eb mbi 500 nuansa.<br \/>\nP\u00ebgatitja dhe vendosja:<br \/>\nSip\u00ebrfaqja n\u00eb t\u00eb cil\u00ebn vendoset boja duhet t\u00eb jet\u00eb e fort\u00eb, e past\u00ebr, e that\u00eb dhe e lyer me ASTAR baz\u00eb. P\u00ebrgatitja e boj\u00ebs realizohet duke i shtuar 5-10% uj\u00eb, me p\u00ebrzierje t\u00eb mir\u00eb deri n\u00eb homogjenizim t\u00eb plot\u00eb. Aplikimi zakonisht b\u00ebhet me rrul me fije t\u00eb shkurtra me dy shtresa. Shtresa e dyt\u00eb aplikohet pas tharjes s\u00eb plot\u00eb t\u00eb shtres\u00ebs s\u00eb par\u00eb.<br \/>\nAfati dhe magazinimi:<br \/>\n18 muaj n\u00eb paketimin origjinal.<br \/>\nTemperatura e p\u00ebrdorimit:<br \/>\nT\u00eb ruhet n\u00eb temperatur\u00ebn nga +5\u00b0C deri +25\u00b0C, e mbrojtur nga drita e diellit dhe ngrirja.<br \/>\nEshte e preferuar t\u00eb punohet n\u00eb menyr\u00eb t\u00eb nj\u00ebtrajtshme dhe t\u00eb vazhdueshme mbi sip\u00ebrfaqje.<br \/>\nShpenzimi:<br \/>\nRreth 8-10m\u00b3\/Liter p\u00ebr lyerje me dy shtresa.<\/p>\n","protected":false},"excerpt":{"rendered":"<p>Boj\u00eb e brendshme me baze akrili q\u00eb mund t\u00eb pastrohet ne te thate, e prodhuar n\u00eb baz\u00eb t\u00eb nj\u00eb emulusioni akrilik t\u00eb cil\u00ebsis\u00eb s\u00eb larte e p\u00ebrshtatshme p\u00ebr ambiente sht\u00ebpie dhe pune t\u00eb ekspozuara ndaj zhytjes. Ka nj\u00eb aft\u00ebsi t\u00eb shk\u00eblqyer mbulueshm\u00ebrie, dep\u00ebrtueshm\u00ebri t\u00eb mir\u00eb t\u00eb avullit dhe bardh\u00ebsi t\u00eb jasht\u00ebzakonshme. Mund t\u00eb tonizohet n\u00eb mbi 500 nuansa.<\/p>\n","protected":false},"featured_media":144,"comment_status":"open","ping_status":"closed","template":"","meta":{"_themeisle_gutenberg_block_has_review":false},"product_brand":[28],"product_cat":[17],"product_tag":[],"class_list":{"0":"post-87","1":"product","2":"type-product","3":"status-publish","4":"has-post-thumbnail","6":"product_brand-produkte-nga-omi","7":"product_cat-ngjyra","9":"first","10":"instock","11":"shipping-taxable","12":"product-type-simple"},"_links":{"self":[{"href":"https:\/\/omicroni.com\/index.php?rest_route=\/wp\/v2\/product\/87","targetHints":{"allow":["GET"]}}],"collection":[{"href":"https:\/\/omicroni.com\/index.php?rest_route=\/wp\/v2\/product"}],"about":[{"href":"https:\/\/omicroni.com\/index.php?rest_route=\/wp\/v2\/types\/product"}],"replies":[{"embeddable":true,"href":"https:\/\/omicroni.com\/index.php?rest_route=%2Fwp%2Fv2%2Fcomments&post=87"}],"wp:featuredmedia":[{"embeddable":true,"href":"https:\/\/omicroni.com\/index.php?rest_route=\/wp\/v2\/media\/144"}],"wp:attachment":[{"href":"https:\/\/omicroni.com\/index.php?rest_route=%2Fwp%2Fv2%2Fmedia&parent=87"}],"wp:term":[{"taxonomy":"product_brand","embeddable":true,"href":"https:\/\/omicroni.com\/index.php?rest_route=%2Fwp%2Fv2%2Fproduct_brand&post=87"},{"taxonomy":"product_cat","embeddable":true,"href":"https:\/\/omicroni.com\/index.php?rest_route=%2Fwp%2Fv2%2Fproduct_cat&post=87"},{"taxonomy":"product_tag","embeddable":true,"href":"https:\/\/omicroni.com\/index.php?rest_route=%2Fwp%2Fv2%2Fproduct_tag&post=87"}],"curies":[{"name":"wp","href":"https:\/\/api.w.org\/{rel}","templated":true}]}}