{"id":99,"date":"2025-11-04T22:37:25","date_gmt":"2025-11-04T22:37:25","guid":{"rendered":"https:\/\/omicroni.com\/?post_type=product&#038;p=99"},"modified":"2025-12-17T23:52:24","modified_gmt":"2025-12-17T23:52:24","slug":"fill-gold-25kg","status":"publish","type":"product","link":"https:\/\/omicroni.com\/?product=fill-gold-25kg","title":{"rendered":"FILL GOLD 15L \/ 5L \/ 3L"},"content":{"rendered":"<p>FILLCOLOR GOLD \u00ebsht\u00eb ngjyr\u00eb shume cilesore dhe<br \/>\nekologjike me mbulueshm\u00ebri t\u00eb lart\u00eb n\u00eb baz\u00eb t\u00eb disperzionit ujor\u00eb t\u00eb lidh\u00ebsve polymer.<br \/>\np\u00ebrdoret p\u00ebr mbrojtje dekorative t\u00eb mureve dhe tavaneve t\u00eb brendshme m\u00eb me ngarkes\u00eb ku k\u00ebrkohet pamje estetike e sip\u00ebrfaqeve t\u00eb lyera.<br \/>\nn\u00eb dispozicion \u00ebsht\u00eb nj\u00eb gam\u00eb e gjer\u00eb e nuancave t\u00eb ngjyrave.<br \/>\nngjyra prodhohet n\u00ebn mbikqyrjen e specialisteve me te mire per kontrollin e cilesise., dhe mund te tonizohet ne mbi 800 nuanca<br \/>\nVe\u00e7orit\u00eb<br \/>\nbardh\u00ebsi e lart\u00eb;<br \/>\nmbulueshm\u00ebri e lart\u00eb dhe lejon qarkullimin e avullit;<br \/>\nka rezistenc\u00eb alkaline;<br \/>\nP\u00ebrmban shume pak p\u00ebrb\u00ebr\u00eb organik q\u00eb treten leht\u00eb;<br \/>\nShume e leht\u00eb p\u00ebr aplikim;<br \/>\nEshte rezistente n\u00eb f\u00ebrkim t\u00eb that\u00eb dhe rezistente ne larje;<br \/>\nNgjyr\u00eb cilesore e murit q\u00eb nuk \u00ebsht\u00eb e d\u00ebmshme p\u00ebr sh\u00ebndetin dhe mjedisin jet\u00ebsor\u00eb.<br \/>\nShtresa e dyt\u00eb zbatohet pas tharjes s\u00eb plot\u00eb t\u00eb shtres\u00ebs s\u00eb par\u00eb, e cila k\u00ebrkon 4-6 or\u00eb n\u00eb kushte normale CT = 23 &#8211; 25 deg * C lag\u00ebshtia relative e ajrit = 50-60%). Rekomandohet q\u00eb hollimi p\u00ebr dor\u00ebn e par\u00eb t\u00eb jet\u00eb 5%-10% t\u00eb tjera.<br \/>\nTemperatura e ajrit dhe substratit gjat\u00eb instalimit duhet t\u00eb jet\u00eb n\u00eb rangun prej +5 \u00b0C deri n\u00eb +30 \u00b0C.<br \/>\nShpenzimi: Rreth 8-10m\u00b2\/Liter p\u00ebr lyerje me dy shtresa.<br \/>\nAfati i ruajtjes: Deri n\u00eb 18 muaj n\u00eb ambalazhin e paketuar<br \/>\nfillimisht.<br \/>\nRuani n\u00eb nj\u00eb temperatur\u00eb prej +5 deri +25 grad\u00eb, t\u00eb mbrojtur nga rrezet e diellit dhe ngrirja.<\/p>\n","protected":false},"excerpt":{"rendered":"<p>FILLCOLOR GOLD \u00ebsht\u00eb ngjyr\u00eb shume cilesore dhe<br \/>\nekologjike me mbulueshm\u00ebri t\u00eb lart\u00eb n\u00eb baz\u00eb t\u00eb disperzionit ujor\u00eb t\u00eb lidh\u00ebsve polymer.<br \/>\np\u00ebrdoret p\u00ebr mbrojtje dekorative t\u00eb mureve dhe tavaneve t\u00eb brendshme m\u00eb me ngarkes\u00eb ku k\u00ebrkohet pamje estetike e sip\u00ebrfaqeve t\u00eb lyera.<br \/>\nn\u00eb dispozicion \u00ebsht\u00eb nj\u00eb gam\u00eb e gjer\u00eb e nuancave t\u00eb ngjyrave.<br \/>\nngjyra prodhohet n\u00ebn mbikqyrjen e specialisteve me te mire per kontrollin e cilesise., dhe mund te tonizohet ne mbi 800 nuanca<\/p>\n","protected":false},"featured_media":135,"comment_status":"open","ping_status":"closed","template":"","meta":{"_themeisle_gutenberg_block_has_review":false},"product_brand":[27],"product_cat":[17],"product_tag":[],"class_list":{"0":"post-99","1":"product","2":"type-product","3":"status-publish","4":"has-post-thumbnail","6":"product_brand-produkte-nga-fill","7":"product_cat-ngjyra","9":"first","10":"instock","11":"shipping-taxable","12":"product-type-simple"},"_links":{"self":[{"href":"https:\/\/omicroni.com\/index.php?rest_route=\/wp\/v2\/product\/99","targetHints":{"allow":["GET"]}}],"collection":[{"href":"https:\/\/omicroni.com\/index.php?rest_route=\/wp\/v2\/product"}],"about":[{"href":"https:\/\/omicroni.com\/index.php?rest_route=\/wp\/v2\/types\/product"}],"replies":[{"embeddable":true,"href":"https:\/\/omicroni.com\/index.php?rest_route=%2Fwp%2Fv2%2Fcomments&post=99"}],"wp:featuredmedia":[{"embeddable":true,"href":"https:\/\/omicroni.com\/index.php?rest_route=\/wp\/v2\/media\/135"}],"wp:attachment":[{"href":"https:\/\/omicroni.com\/index.php?rest_route=%2Fwp%2Fv2%2Fmedia&parent=99"}],"wp:term":[{"taxonomy":"product_brand","embeddable":true,"href":"https:\/\/omicroni.com\/index.php?rest_route=%2Fwp%2Fv2%2Fproduct_brand&post=99"},{"taxonomy":"product_cat","embeddable":true,"href":"https:\/\/omicroni.com\/index.php?rest_route=%2Fwp%2Fv2%2Fproduct_cat&post=99"},{"taxonomy":"product_tag","embeddable":true,"href":"https:\/\/omicroni.com\/index.php?rest_route=%2Fwp%2Fv2%2Fproduct_tag&post=99"}],"curies":[{"name":"wp","href":"https:\/\/api.w.org\/{rel}","templated":true}]}}